{"id":267,"date":"2019-12-26T15:01:47","date_gmt":"2019-12-26T14:01:47","guid":{"rendered":"https:\/\/concertience.fr\/leblog\/?page_id=267"},"modified":"2020-02-26T18:32:51","modified_gmt":"2020-02-26T17:32:51","slug":"donnees-personnelles-rgpd","status":"publish","type":"page","link":"https:\/\/concertience.fr\/leblog\/donnees-personnelles-rgpd\/","title":{"rendered":"Donn\u00e9es personnelles \/ RGPD"},"content":{"rendered":"\n<p><strong>Utilisation des donn\u00e9es personnelles collect\u00e9es<\/strong><br>D\u2019une\n fa\u00e7on g\u00e9n\u00e9rale, vous pouvez visiter notre site Internet sans avoir \u00e0  \nd\u00e9cliner votre identit\u00e9 et \u00e0 fournir des informations personnelles vous \n concernant. Cependant, nous pouvons parfois vous demander des  \ninformations. Par exemple, pour \u00e9tablir une correspondance ou fournir un\n  abonnement.<\/p>\n\n\n\n<p><strong>Formulaires de contact<\/strong><br>Nous conservons les soumissions du formulaire de contact ind\u00e9finiment pour les questions li\u00e9es au service client, mais nous ne les utiliserons pas \u00e0  des fins commerciales.<\/p>\n\n\n\n<p><strong>Contenu embarqu\u00e9 depuis d\u2019autres sites<\/strong><br>Les articles de ce site peuvent inclure des contenus int\u00e9gr\u00e9s (par exemple   des vid\u00e9os, images, articles\u2026). Le contenu int\u00e9gr\u00e9 depuis d\u2019autres sites se comporte de la m\u00eame mani\u00e8re que si le visiteur se rendait sur cet autre site.<br>Ces sites web pourraient collecter des donn\u00e9es sur vous, utiliser des cookies, embarquer des outils de suivi tiers, suivre vos interactions avec ces contenus embarqu\u00e9s si vous disposez d\u2019un compte connect\u00e9 sur leur site web.<\/p>\n\n\n\n<p><strong>Dur\u00e9e de stockage de vos donn\u00e9es<\/strong><br>Si vous laissez un message, le message et votre adresse mail sont conserv\u00e9s  ind\u00e9finiment. N\u2019h\u00e9sitez pas \u00e0 nous contacter si vous souhaitez que nous les supprimions.<\/p>\n\n\n\n<p><strong>Les droits que vous avez sur vos donn\u00e9es<\/strong><br><strong>Vous pouvez demander la suppression des donn\u00e9es personnelles vous concernant<\/strong>. Cela ne prend pas en compte les donn\u00e9es stock\u00e9es \u00e0 des fins administratives, l\u00e9gales ou pour des raisons de s\u00e9curit\u00e9.<\/p>\n\n\n\n<p><strong>Utilisation et transmission de vos donn\u00e9es personnelles<\/strong><br>Nous   ne partageons pas les donn\u00e9es de notre site avec des partenaires, des   services en \u00ab cloud \u00bb, des passerelles de paiement ou autres services  tiers mis \u00e0 part notre h\u00e9bergeur.<br>L\u2019h\u00e9bergeur de notre site internet est :<br>OVH<br> SAS au capital de 10 069 020 \u20ac<br> RCS Lille M\u00e9tropole 424 761 419 00045<br> Code APE 2620Z<br> N\u00b0 TVA : FR 22 424 761 419<br> Si\u00e8ge social : 2 rue Kellermann \u2013 59100 Roubaix \u2013 France<br> <a rel=\"noreferrer noopener\" href=\"https:\/\/www.ovh.com\/fr\/protection-donnees-personnelles\/\" target=\"_blank\">>> Politique de protection des donn\u00e9es personnelles chez OVH<\/a><\/p>\n\n\n\n<p><strong>Informations de contact<\/strong><br>Pour les demandes concernant la gestion de vos informations li\u00e9es \u00e0 ce site  web, adressez un message au D\u00e9l\u00e9gu\u00e9 \u00e0 la Protection des Donn\u00e9es  (.Webmaster\/<a href=\"https:\/\/www.pierrickrivet.com\">pierrickrivet.com<\/a>), en utilisant le formulaire disponible <a href=\"https:\/\/www.pierrickrivet.com\/mentions-legales-site-internet\/#contactez-votre-webmaster\">dans la partie contact du site<\/a>.<\/p>\n\n\n\n<p><strong>Informations suppl\u00e9mentaires<\/strong><br>Nous n\u2019utilisons pas notre site internet dans un but commercial et nous ne  nous engageons pas dans la collecte et le traitement de donn\u00e9es personnelles plus complexes.<\/p>\n\n\n\n<p><strong>Comment nous prot\u00e9geons vos donn\u00e9es<\/strong><br>Nous utilisons la Technologie SSL. La Technologie SSL (Secure Socket Layer)   est utilis\u00e9e pour s\u00e9curiser la transmission de donn\u00e9es sur Internet: elle chiffre et prot\u00e8ge les donn\u00e9es transmises \u00e0 l\u2019aide du protocole  HTTPS . Le SSL garantit aux visiteurs de notre site web que leurs  donn\u00e9es ne seront pas intercept\u00e9es de mani\u00e8re frauduleuse.<br>Nous utilisons \u00e9galement des mots de passe complexes pour augmenter la s\u00e9curit\u00e9 ainsi que des mesures plus techniques.<\/p>\n\n\n\n<p><strong>Les services tiers qui nous transmettent des donn\u00e9es<\/strong><br>Notre site web ne re\u00e7oit pas de donn\u00e9es utilisateurs depuis des sources tierces (ce qui inclut les sources publicitaires).<\/p>\n","protected":false},"excerpt":{"rendered":"<p>Utilisation des donn\u00e9es personnelles collect\u00e9esD\u2019une fa\u00e7on g\u00e9n\u00e9rale, vous pouvez visiter notre site Internet sans avoir \u00e0 d\u00e9cliner votre identit\u00e9 et \u00e0 fournir des informations personnelles vous concernant. Cependant, nous pouvons parfois vous demander des informations. Par exemple, pour \u00e9tablir une correspondance ou fournir un abonnement. Formulaires de contactNous conservons les soumissions du formulaire de contact<a class=\"excerpt-read-more\" href=\"https:\/\/concertience.fr\/leblog\/donnees-personnelles-rgpd\/\" title=\"ReadDonn\u00e9es personnelles \/ RGPD\">&#8230; Lire plus &raquo;<\/a><\/p>\n","protected":false},"author":1,"featured_media":0,"parent":0,"menu_order":0,"comment_status":"closed","ping_status":"closed","template":"","meta":{"footnotes":""},"class_list":["post-267","page","type-page","status-publish","hentry"],"yoast_head":"<!-- This site is optimized with the Yoast SEO plugin v27.3 - https:\/\/yoast.com\/product\/yoast-seo-wordpress\/ -->\n<title>Donn\u00e9es personnelles \/ RGPD - Le blog de Fran\u00e7oise Keller<\/title>\n<meta name=\"robots\" content=\"index, follow, max-snippet:-1, max-image-preview:large, max-video-preview:-1\" \/>\n<link rel=\"canonical\" href=\"https:\/\/concertience.fr\/leblog\/donnees-personnelles-rgpd\/\" \/>\n<meta property=\"og:locale\" content=\"fr_FR\" \/>\n<meta property=\"og:type\" content=\"article\" \/>\n<meta property=\"og:title\" content=\"Donn\u00e9es personnelles \/ RGPD - Le blog de Fran\u00e7oise Keller\" \/>\n<meta property=\"og:description\" content=\"Utilisation des donn\u00e9es personnelles collect\u00e9esD\u2019une fa\u00e7on g\u00e9n\u00e9rale, vous pouvez visiter notre site Internet sans avoir \u00e0 d\u00e9cliner votre identit\u00e9 et \u00e0 fournir des informations personnelles vous concernant. Cependant, nous pouvons parfois vous demander des informations. Par exemple, pour \u00e9tablir une correspondance ou fournir un abonnement. Formulaires de contactNous conservons les soumissions du formulaire de contact... Lire plus &raquo;\" \/>\n<meta property=\"og:url\" content=\"https:\/\/concertience.fr\/leblog\/donnees-personnelles-rgpd\/\" \/>\n<meta property=\"og:site_name\" content=\"Le blog de Fran\u00e7oise Keller\" \/>\n<meta property=\"article:modified_time\" content=\"2020-02-26T17:32:51+00:00\" \/>\n<meta name=\"twitter:card\" content=\"summary_large_image\" \/>\n<meta name=\"twitter:label1\" content=\"Dur\u00e9e de lecture estim\u00e9e\" \/>\n\t<meta name=\"twitter:data1\" content=\"3 minutes\" \/>\n<script type=\"application\/ld+json\" class=\"yoast-schema-graph\">{\"@context\":\"https:\\\/\\\/schema.org\",\"@graph\":[{\"@type\":\"WebPage\",\"@id\":\"https:\\\/\\\/concertience.fr\\\/leblog\\\/donnees-personnelles-rgpd\\\/\",\"url\":\"https:\\\/\\\/concertience.fr\\\/leblog\\\/donnees-personnelles-rgpd\\\/\",\"name\":\"Donn\u00e9es personnelles \\\/ RGPD - Le blog de Fran\u00e7oise Keller\",\"isPartOf\":{\"@id\":\"https:\\\/\\\/concertience.fr\\\/leblog\\\/#website\"},\"datePublished\":\"2019-12-26T14:01:47+00:00\",\"dateModified\":\"2020-02-26T17:32:51+00:00\",\"breadcrumb\":{\"@id\":\"https:\\\/\\\/concertience.fr\\\/leblog\\\/donnees-personnelles-rgpd\\\/#breadcrumb\"},\"inLanguage\":\"fr-FR\",\"potentialAction\":[{\"@type\":\"ReadAction\",\"target\":[\"https:\\\/\\\/concertience.fr\\\/leblog\\\/donnees-personnelles-rgpd\\\/\"]}]},{\"@type\":\"BreadcrumbList\",\"@id\":\"https:\\\/\\\/concertience.fr\\\/leblog\\\/donnees-personnelles-rgpd\\\/#breadcrumb\",\"itemListElement\":[{\"@type\":\"ListItem\",\"position\":1,\"name\":\"Accueil\",\"item\":\"https:\\\/\\\/concertience.fr\\\/leblog\\\/\"},{\"@type\":\"ListItem\",\"position\":2,\"name\":\"Donn\u00e9es personnelles \\\/ RGPD\"}]},{\"@type\":\"WebSite\",\"@id\":\"https:\\\/\\\/concertience.fr\\\/leblog\\\/#website\",\"url\":\"https:\\\/\\\/concertience.fr\\\/leblog\\\/\",\"name\":\"Le blog de Fran\u00e7oise Keller\",\"description\":\"Le blog de Fran\u00e7oise Keller, Concertience\",\"potentialAction\":[{\"@type\":\"SearchAction\",\"target\":{\"@type\":\"EntryPoint\",\"urlTemplate\":\"https:\\\/\\\/concertience.fr\\\/leblog\\\/?s={search_term_string}\"},\"query-input\":{\"@type\":\"PropertyValueSpecification\",\"valueRequired\":true,\"valueName\":\"search_term_string\"}}],\"inLanguage\":\"fr-FR\"}]}<\/script>\n<!-- \/ Yoast SEO plugin. -->","yoast_head_json":{"title":"Donn\u00e9es personnelles \/ RGPD - Le blog de Fran\u00e7oise Keller","robots":{"index":"index","follow":"follow","max-snippet":"max-snippet:-1","max-image-preview":"max-image-preview:large","max-video-preview":"max-video-preview:-1"},"canonical":"https:\/\/concertience.fr\/leblog\/donnees-personnelles-rgpd\/","og_locale":"fr_FR","og_type":"article","og_title":"Donn\u00e9es personnelles \/ RGPD - Le blog de Fran\u00e7oise Keller","og_description":"Utilisation des donn\u00e9es personnelles collect\u00e9esD\u2019une fa\u00e7on g\u00e9n\u00e9rale, vous pouvez visiter notre site Internet sans avoir \u00e0 d\u00e9cliner votre identit\u00e9 et \u00e0 fournir des informations personnelles vous concernant. Cependant, nous pouvons parfois vous demander des informations. Par exemple, pour \u00e9tablir une correspondance ou fournir un abonnement. Formulaires de contactNous conservons les soumissions du formulaire de contact... Lire plus &raquo;","og_url":"https:\/\/concertience.fr\/leblog\/donnees-personnelles-rgpd\/","og_site_name":"Le blog de Fran\u00e7oise Keller","article_modified_time":"2020-02-26T17:32:51+00:00","twitter_card":"summary_large_image","twitter_misc":{"Dur\u00e9e de lecture estim\u00e9e":"3 minutes"},"schema":{"@context":"https:\/\/schema.org","@graph":[{"@type":"WebPage","@id":"https:\/\/concertience.fr\/leblog\/donnees-personnelles-rgpd\/","url":"https:\/\/concertience.fr\/leblog\/donnees-personnelles-rgpd\/","name":"Donn\u00e9es personnelles \/ RGPD - Le blog de Fran\u00e7oise Keller","isPartOf":{"@id":"https:\/\/concertience.fr\/leblog\/#website"},"datePublished":"2019-12-26T14:01:47+00:00","dateModified":"2020-02-26T17:32:51+00:00","breadcrumb":{"@id":"https:\/\/concertience.fr\/leblog\/donnees-personnelles-rgpd\/#breadcrumb"},"inLanguage":"fr-FR","potentialAction":[{"@type":"ReadAction","target":["https:\/\/concertience.fr\/leblog\/donnees-personnelles-rgpd\/"]}]},{"@type":"BreadcrumbList","@id":"https:\/\/concertience.fr\/leblog\/donnees-personnelles-rgpd\/#breadcrumb","itemListElement":[{"@type":"ListItem","position":1,"name":"Accueil","item":"https:\/\/concertience.fr\/leblog\/"},{"@type":"ListItem","position":2,"name":"Donn\u00e9es personnelles \/ RGPD"}]},{"@type":"WebSite","@id":"https:\/\/concertience.fr\/leblog\/#website","url":"https:\/\/concertience.fr\/leblog\/","name":"Le blog de Fran\u00e7oise Keller","description":"Le blog de Fran\u00e7oise Keller, Concertience","potentialAction":[{"@type":"SearchAction","target":{"@type":"EntryPoint","urlTemplate":"https:\/\/concertience.fr\/leblog\/?s={search_term_string}"},"query-input":{"@type":"PropertyValueSpecification","valueRequired":true,"valueName":"search_term_string"}}],"inLanguage":"fr-FR"}]}},"_links":{"self":[{"href":"https:\/\/concertience.fr\/leblog\/wp-json\/wp\/v2\/pages\/267","targetHints":{"allow":["GET"]}}],"collection":[{"href":"https:\/\/concertience.fr\/leblog\/wp-json\/wp\/v2\/pages"}],"about":[{"href":"https:\/\/concertience.fr\/leblog\/wp-json\/wp\/v2\/types\/page"}],"author":[{"embeddable":true,"href":"https:\/\/concertience.fr\/leblog\/wp-json\/wp\/v2\/users\/1"}],"replies":[{"embeddable":true,"href":"https:\/\/concertience.fr\/leblog\/wp-json\/wp\/v2\/comments?post=267"}],"version-history":[{"count":3,"href":"https:\/\/concertience.fr\/leblog\/wp-json\/wp\/v2\/pages\/267\/revisions"}],"predecessor-version":[{"id":304,"href":"https:\/\/concertience.fr\/leblog\/wp-json\/wp\/v2\/pages\/267\/revisions\/304"}],"wp:attachment":[{"href":"https:\/\/concertience.fr\/leblog\/wp-json\/wp\/v2\/media?parent=267"}],"curies":[{"name":"wp","href":"https:\/\/api.w.org\/{rel}","templated":true}]}}